{"id":533,"date":"2024-02-26T18:54:49","date_gmt":"2024-02-26T17:54:49","guid":{"rendered":"https:\/\/ecole-anthropocene.fr\/?page_id=533"},"modified":"2026-05-12T17:43:01","modified_gmt":"2026-05-12T15:43:01","slug":"presentation","status":"publish","type":"page","link":"https:\/\/ecole-anthropocene.fr\/?page_id=533","title":{"rendered":"Pr\u00e9sentation"},"content":{"rendered":"\n<p>\u00c0 l\u2019heure o\u00f9 les cons\u00e9quences des activit\u00e9s humaines sont visibles partout et soul\u00e8vent de fait l\u2019inhabitabilit\u00e9 d\u2019un nombre grandissant de territoires, se dressent des forces contraires r\u00e9actionnaires pour dire \u00ab Drill, baby, drill \u00bb ouvrant la voie \u00e0 l\u2019acc\u00e9l\u00e9ration des destructions de la zone critique, soit l&rsquo;environnement terrestre qui abrite presque toute la vie continentale, dont l&rsquo;humanit\u00e9.<br><\/p>\n\n\n\n<p><em>A contrario<\/em>, bien que de plus en plus souvent emp\u00each\u00e9s, des scientifiques documentent les ph\u00e9nom\u00e8nes \u00e0 l&rsquo;\u0153uvre &#8211; ce d\u00e9r\u00e8glement global qui renforce toutes les formes d\u2019in\u00e9galit\u00e9s -, nous aident \u00e0 comprendre la complexit\u00e9 des interactions qui se jouent et proposent des pistes d\u2019action s\u00e9rieuses. Parall\u00e8lement, une partie de la soci\u00e9t\u00e9 civile est mobilis\u00e9e : des citoyen\u00b7nes, des acteur\u00b7rices des mondes politique, \u00e9conomique, associatif et artistique, rel\u00e8vent ces enjeux en \u0153uvrant \u00e0 l\u2019adaptation et \u00e0 la r\u00e9paration, ouvrant des perspectives concr\u00e8tes et r\u00e9jouissantes.<\/p>\n\n\n\n<p>Le festival <em>\u00c0 l\u2019\u00c9cole de l&rsquo;Anthropoc\u00e8ne<\/em> se situe \u00e0 leurs c\u00f4t\u00e9s. Il permet d\u2019imaginer et de dessiner ensemble les possibles qui s\u2019offrent \u00e0 nous ; et tout autant, de contribuer \u00e0 construire une culture commune du changement global pour nourrir le d\u00e9bat et l\u2019action d\u00e9mocratique sur les choix \u00e0 op\u00e9rer qu\u2019ils soient de l&rsquo;ordre de l\u2019att\u00e9nuation ou de l\u2019adaptation.<\/p>\n\n\n\n<p>La 8<sup>e<\/sup> \u00e9dition du festival <em>\u00c0 l\u2019\u00c9cole de l\u2019Anthropoc\u00e8ne<\/em>, comme l\u2019\u00e9dition pr\u00e9c\u00e9dente, est le fruit d\u2019une collaboration entre <strong>Cit\u00e9 Anthropoc\u00e8ne<\/strong> et <strong>October Octopus<\/strong>.<\/p>\n\n\n\n<p><strong><a href=\"https:\/\/cite-anthropocene.fr\/\" data-type=\"link\" data-id=\"https:\/\/cite-anthropocene.fr\/\" target=\"_blank\" rel=\"noreferrer noopener\">Cit\u00e9 Anthropoc\u00e8ne<\/a><\/strong> est une association cr\u00e9\u00e9e en 2022, h\u00e9riti\u00e8re du programme \u00c9cole urbaine de Lyon (Institut Convergences, 2017-2023).&nbsp;<\/p>\n\n\n\n<p>Elle \u0153uvre \u00e0 la mobilisation et \u00e0 la r\u00e9union des soci\u00e9t\u00e9s et des sciences pour faire face collectivement aux d\u00e9fis pos\u00e9s par le changement global. Elle d\u00e9veloppe en ce sens des activit\u00e9s de m\u00e9diation (Radio Anthropoc\u00e8ne), d\u2019\u00e9dition (Collection \u201c\u00c0 partir de l\u2019Anthropoc\u00e8ne\u201d au sein des \u00c9ditions deux-cent-cinq), de formations (workshops), d\u2019exp\u00e9rimentation (enqu\u00eates) et d\u2019\u00e9v\u00e9nementiel (festival \u201c\u00c0 l\u2019\u00c9cole de l\u2019Anthropoc\u00e8ne\u201d). Elle porte une grande diversit\u00e9 de projets au croisement des arts, des soci\u00e9t\u00e9s et des sciences, mobilise des publics dans des dispositifs participatifs de co-cr\u00e9ation, cr\u00e9e des \u00e9v\u00e9nements ambitieux pour la diffusion des savoirs. Elle pilote la pr\u00e9figuration de \u201cL\u2019\u00e9cole de la r\u00e9silience\u201d, un projet de plateforme de savoirs, de formations, de d\u00e9bat public et d&rsquo;exp\u00e9rimentations sociales en faveur de la transition \u00e9cologique, qui sera install\u00e9 au sein du Site Neyret en cours de r\u00e9novation.<\/p>\n\n\n\n<p>\u00c9quipe : <strong>Val\u00e9rie Disdier<\/strong>, <strong>Florian Fomp\u00e9rie<\/strong>, <strong>Lou Herrmann<\/strong>, <strong>Jindra Kratochvil, <\/strong>accompagn\u00e9s en 2026 par<strong> Thomas Bacquart, Ma\u00eb Puech.<\/strong><\/p>\n\n\n\n<p>Conseil d\u2019administration : <strong>Virginie Chaput, Pierre Cornu<\/strong> (pr\u00e9sident), <strong>Vianney Delourme, Bruno Habouzit,<\/strong> <strong>B\u00e9r\u00e9nice Gagne<\/strong>, <strong>Anne Guinot<\/strong>, <strong>Isabelle Michallet<\/strong>, <strong>La\u00ebtitia Mongeard<\/strong>, <strong>Herv\u00e9 Rivano<\/strong>,<strong> Florence Cortat Roller<\/strong>, <strong>Antoine Trollat<\/strong>.<\/p>\n\n\n\n<p><strong><a href=\"http:\/\/www.october-octopus.com\" data-type=\"link\" data-id=\"www.october-octopus.com\" target=\"_blank\" rel=\"noreferrer noopener\">October Octopus<\/a><\/strong> est une agence de programmation culturelle sp\u00e9cialis\u00e9e dans le d\u00e9bat d\u2019id\u00e9es et la litt\u00e9rature cr\u00e9\u00e9e en 2016. Elle con\u00e7oit, programme et produit festivals, salons, conf\u00e9rences, s\u00e9minaires et programmes \u00e9ducatifs.<\/p>\n\n\n\n<p>Parmi ses r\u00e9alisations : co-organisation du festival \u201c\u00c0 l\u2019\u00c9cole de l\u2019Anthropoc\u00e8ne\u201d avec l\u2019\u00c9cole urbaine de Lyon puis avec Cit\u00e9 Anthropoc\u00e8ne (depuis 2018), conseil en programmation et relations presse pour le Centre de Culture Contemporaine de Barcelone \u2013 CCCB (depuis 2018), programmation des rencontres \u201cfiction, non-fiction et po\u00e9sie\u201d du Festival du Livre de Paris avec \u201cet tuttiquanti\u2026\u201d (depuis 2024), coordination de \u201cCultures d\u2019Avenir\u201d avec l\u2019OFAJ, le Centre Pompidou, la Ga\u00eet\u00e9 Lyrique, le HKW (Berlin) et le CCCB (2024), co-organisation du s\u00e9minaire \u201cAgorAkademi\u201d de Nil\u00fcfer G\u00f6le avec l\u2019Universit\u00e9 de Columbia \u00e0 Paris (depuis 2023), cycles \u201cLa Prison et nous\u201d et \u201cHospitalit\u00e9(s)\u201d au Mus\u00e9e des Confluences, et la \u201cSemaine de l\u2019\u00e9galit\u00e9 femmes-hommes\u201d de la M\u00e9tropole de Lyon avec \u201cet tuttiquanti\u2026\u201d (2023).<\/p>\n\n\n\n<p>\u00c9quipe : <strong>C\u00e9dric Duroux<\/strong>, pr\u00e9sident fondateur, <strong>Nancy Moreno Pinto<\/strong>, adjointe de programmation.<\/p>\n","protected":false},"excerpt":{"rendered":"<p>\u00c0 l\u2019heure o\u00f9 les cons\u00e9quences des activit\u00e9s humaines sont visibles partout et soul\u00e8vent de fait l\u2019inhabitabilit\u00e9 d\u2019un nombre grandissant de territoires, se dressent des forces contraires r\u00e9actionnaires pour dire \u00ab Drill, baby, drill \u00bb ouvrant la voie \u00e0 l\u2019acc\u00e9l\u00e9ration des destructions de la zone critique, soit l&rsquo;environnement terrestre qui abrite presque toute la vie continentale, [&hellip;]<\/p>\n","protected":false},"author":1,"featured_media":1765,"parent":0,"menu_order":0,"comment_status":"closed","ping_status":"closed","template":"","meta":{"inline_featured_image":false,"footnotes":""},"class_list":["post-533","page","type-page","status-publish","has-post-thumbnail","hentry"],"_links":{"self":[{"href":"https:\/\/ecole-anthropocene.fr\/index.php?rest_route=\/wp\/v2\/pages\/533","targetHints":{"allow":["GET"]}}],"collection":[{"href":"https:\/\/ecole-anthropocene.fr\/index.php?rest_route=\/wp\/v2\/pages"}],"about":[{"href":"https:\/\/ecole-anthropocene.fr\/index.php?rest_route=\/wp\/v2\/types\/page"}],"author":[{"embeddable":true,"href":"https:\/\/ecole-anthropocene.fr\/index.php?rest_route=\/wp\/v2\/users\/1"}],"replies":[{"embeddable":true,"href":"https:\/\/ecole-anthropocene.fr\/index.php?rest_route=%2Fwp%2Fv2%2Fcomments&post=533"}],"version-history":[{"count":23,"href":"https:\/\/ecole-anthropocene.fr\/index.php?rest_route=\/wp\/v2\/pages\/533\/revisions"}],"predecessor-version":[{"id":1894,"href":"https:\/\/ecole-anthropocene.fr\/index.php?rest_route=\/wp\/v2\/pages\/533\/revisions\/1894"}],"wp:featuredmedia":[{"embeddable":true,"href":"https:\/\/ecole-anthropocene.fr\/index.php?rest_route=\/wp\/v2\/media\/1765"}],"wp:attachment":[{"href":"https:\/\/ecole-anthropocene.fr\/index.php?rest_route=%2Fwp%2Fv2%2Fmedia&parent=533"}],"curies":[{"name":"wp","href":"https:\/\/api.w.org\/{rel}","templated":true}]}}